{"id":37,"date":"2015-11-23T12:04:23","date_gmt":"2015-11-23T12:04:23","guid":{"rendered":"http:\/\/www.industrias9dejulio.com.ar\/?page_id=37"},"modified":"2024-09-06T08:16:42","modified_gmt":"2024-09-06T11:16:42","slug":"rodantes-de-arrastre","status":"publish","type":"page","link":"https:\/\/www.industrias9dejulio.com.ar\/en\/productos\/trailers-habitacionales\/rodantes-de-arrastre\/","title":{"rendered":"Rolling drag"},"content":{"rendered":"<p><\/p>\n<h4 id=\"tw-target-text\" class=\"tw-data-text tw-text-large tw-ta\" dir=\"ltr\" data-placeholder=\"Traducci\u00f3n\" data-ved=\"2ahUKEwjtidaEhpKFAxX-qpUCHRW2Da0Q3ewLegQIBRAU\"><span class=\"Y2IQFc\" lang=\"en\">These trailers have all the strength and safety conditions to travel on any type of road and in any condition. <\/span><\/h4>\n<p class=\"tw-data-text tw-text-large tw-ta\" dir=\"ltr\" data-placeholder=\"Traducci\u00f3n\" data-ved=\"2ahUKEwjtidaEhpKFAxX-qpUCHRW2Da0Q3ewLegQIBRAU\"><span class=\"Y2IQFc\" lang=\"en\">They have a pneumatic brake system on the axles, a wide access ladder, protective railings, a rest platform and regulatory lights. The units have the LCM license, which allows their patenting. Optional: Special trunks, water tanks, telescopic exterior lights, extendable support legs, etc. <\/span><\/p>\n<ul>\n<li class=\"tw-data-text tw-text-large tw-ta\" dir=\"ltr\" data-placeholder=\"Traducci\u00f3n\" data-ved=\"2ahUKEwjtidaEhpKFAxX-qpUCHRW2Da0Q3ewLegQIBRAU\"><strong><span class=\"Y2IQFc\" lang=\"en\">Trailers with approved LCM <\/span><\/strong><\/li>\n<li class=\"tw-data-text tw-text-large tw-ta\" dir=\"ltr\" data-placeholder=\"Traducci\u00f3n\" data-ved=\"2ahUKEwjtidaEhpKFAxX-qpUCHRW2Da0Q3ewLegQIBRAU\"><strong><span class=\"Y2IQFc\" lang=\"en\">Reliable equipment whatever the road conditions<\/span><\/strong><\/li>\n<\/ul>\n<p><\/p>","protected":false},"excerpt":{"rendered":"<p class=\"qtranxs-available-languages-message qtranxs-available-languages-message-en\">Sorry, this entry is only available in <a href=\"https:\/\/www.industrias9dejulio.com.ar\/es\/wp-json\/wp\/v2\/pages\/37\" class=\"qtranxs-available-language-link qtranxs-available-language-link-es\" title=\"ES\">ES<\/a>.<\/p>\n","protected":false},"author":1,"featured_media":0,"parent":22,"menu_order":23,"comment_status":"closed","ping_status":"closed","template":"","meta":{"_acf_changed":false,"_joinchat":[],"footnotes":""},"class_list":["post-37","page","type-page","status-publish","hentry"],"acf":[],"yoast_head":"<!-- This site is optimized with the Yoast SEO plugin v25.2 - https:\/\/yoast.com\/wordpress\/plugins\/seo\/ -->\n<title>Rolling drag | Industrias 9 de Julio<\/title>\n<meta name=\"description\" content=\"Estos trailers cuentan con todas las condiciones de fortaleza y seguridad para circular por cualquier tipo de camino y en cualquier condici\u00f3n. Tienen sistema de frenos neum\u00e1ticos en los ejes, escalera de acceso con amplio desarrollo, barandas de protecci\u00f3n, plataforma de descanso y luces reglamentarias. Las unidades cuentan con la licencia LCM, que permite su patentamiento. Opcionales: Bauleras especiales, tanques de agua, luces exteriores telesc\u00f3picas, patas de apoyo extensibles, etc.\" \/>\n<meta name=\"robots\" content=\"index, follow, max-snippet:-1, max-image-preview:large, max-video-preview:-1\" \/>\n<link rel=\"canonical\" href=\"https:\/\/www.industrias9dejulio.com.ar\/productos\/trailers-habitacionales\/rodantes-de-arrastre\/\" \/>\n<meta name=\"twitter:label1\" content=\"Est. reading time\" \/>\n\t<meta name=\"twitter:data1\" content=\"1 minute\" \/>\n<script type=\"application\/ld+json\" class=\"yoast-schema-graph\">{\"@context\":\"https:\/\/schema.org\",\"@graph\":[{\"@type\":\"WebPage\",\"@id\":\"https:\/\/www.industrias9dejulio.com.ar\/productos\/trailers-habitacionales\/rodantes-de-arrastre\/\",\"url\":\"https:\/\/www.industrias9dejulio.com.ar\/productos\/trailers-habitacionales\/rodantes-de-arrastre\/\",\"name\":\"Rolling drag | Industrias 9 de Julio\",\"isPartOf\":{\"@id\":\"https:\/\/www.industrias9dejulio.com.ar\/#website\"},\"datePublished\":\"2015-11-23T12:04:23+00:00\",\"dateModified\":\"2024-09-06T11:16:42+00:00\",\"description\":\"Estos trailers cuentan con todas las condiciones de fortaleza y seguridad para circular por cualquier tipo de camino y en cualquier condici\u00f3n. Tienen sistema de frenos neum\u00e1ticos en los ejes, escalera de acceso con amplio desarrollo, barandas de protecci\u00f3n, plataforma de descanso y luces reglamentarias. Las unidades cuentan con la licencia LCM, que permite su patentamiento. Opcionales: Bauleras especiales, tanques de agua, luces exteriores telesc\u00f3picas, patas de apoyo extensibles, etc.\",\"breadcrumb\":{\"@id\":\"https:\/\/www.industrias9dejulio.com.ar\/productos\/trailers-habitacionales\/rodantes-de-arrastre\/#breadcrumb\"},\"inLanguage\":\"en-US\",\"potentialAction\":[{\"@type\":\"ReadAction\",\"target\":[\"https:\/\/www.industrias9dejulio.com.ar\/productos\/trailers-habitacionales\/rodantes-de-arrastre\/\"]}]},{\"@type\":\"BreadcrumbList\",\"@id\":\"https:\/\/www.industrias9dejulio.com.ar\/productos\/trailers-habitacionales\/rodantes-de-arrastre\/#breadcrumb\",\"itemListElement\":[{\"@type\":\"ListItem\",\"position\":1,\"name\":\"Portada\",\"item\":\"https:\/\/www.industrias9dejulio.com.ar\/\"},{\"@type\":\"ListItem\",\"position\":2,\"name\":\"Productos\",\"item\":\"https:\/\/www.industrias9dejulio.com.ar\/productos\/\"},{\"@type\":\"ListItem\",\"position\":3,\"name\":\"Trailers habitacionales\",\"item\":\"https:\/\/www.industrias9dejulio.com.ar\/productos\/trailers-habitacionales\/\"},{\"@type\":\"ListItem\",\"position\":4,\"name\":\"Rodantes de arrastre\"}]},{\"@type\":\"WebSite\",\"@id\":\"https:\/\/www.industrias9dejulio.com.ar\/#website\",\"url\":\"https:\/\/www.industrias9dejulio.com.ar\/\",\"name\":\"Industrias 9 de Julio\",\"description\":\"Otro sitio realizado con WordPress\",\"publisher\":{\"@id\":\"https:\/\/www.industrias9dejulio.com.ar\/#organization\"},\"potentialAction\":[{\"@type\":\"SearchAction\",\"target\":{\"@type\":\"EntryPoint\",\"urlTemplate\":\"https:\/\/www.industrias9dejulio.com.ar\/?s={search_term_string}\"},\"query-input\":{\"@type\":\"PropertyValueSpecification\",\"valueRequired\":true,\"valueName\":\"search_term_string\"}}],\"inLanguage\":\"en-US\"},{\"@type\":\"Organization\",\"@id\":\"https:\/\/www.industrias9dejulio.com.ar\/#organization\",\"name\":\"Industrias 9 de Julio\",\"url\":\"https:\/\/www.industrias9dejulio.com.ar\/\",\"logo\":{\"@type\":\"ImageObject\",\"inLanguage\":\"en-US\",\"@id\":\"https:\/\/www.industrias9dejulio.com.ar\/#\/schema\/logo\/image\/\",\"url\":\"https:\/\/www.industrias9dejulio.com.ar\/wp-content\/uploads\/2016\/01\/industrias-9-de-julio.png\",\"contentUrl\":\"https:\/\/www.industrias9dejulio.com.ar\/wp-content\/uploads\/2016\/01\/industrias-9-de-julio.png\",\"width\":238,\"height\":57,\"caption\":\"Industrias 9 de Julio\"},\"image\":{\"@id\":\"https:\/\/www.industrias9dejulio.com.ar\/#\/schema\/logo\/image\/\"},\"sameAs\":[\"https:\/\/www.facebook.com\/Industrias-9-de-Julio-SA-244883452327387\/\",\"https:\/\/www.youtube.com\/channel\/UC8XKwRju447msdGOmoYWNQg\"]}]}<\/script>\n<!-- \/ Yoast SEO plugin. -->","yoast_head_json":{"title":"Rolling drag | Industrias 9 de Julio","description":"Estos trailers cuentan con todas las condiciones de fortaleza y seguridad para circular por cualquier tipo de camino y en cualquier condici\u00f3n. Tienen sistema de frenos neum\u00e1ticos en los ejes, escalera de acceso con amplio desarrollo, barandas de protecci\u00f3n, plataforma de descanso y luces reglamentarias. Las unidades cuentan con la licencia LCM, que permite su patentamiento. Opcionales: Bauleras especiales, tanques de agua, luces exteriores telesc\u00f3picas, patas de apoyo extensibles, etc.","robots":{"index":"index","follow":"follow","max-snippet":"max-snippet:-1","max-image-preview":"max-image-preview:large","max-video-preview":"max-video-preview:-1"},"canonical":"https:\/\/www.industrias9dejulio.com.ar\/productos\/trailers-habitacionales\/rodantes-de-arrastre\/","twitter_misc":{"Est. reading time":"1 minute"},"schema":{"@context":"https:\/\/schema.org","@graph":[{"@type":"WebPage","@id":"https:\/\/www.industrias9dejulio.com.ar\/productos\/trailers-habitacionales\/rodantes-de-arrastre\/","url":"https:\/\/www.industrias9dejulio.com.ar\/productos\/trailers-habitacionales\/rodantes-de-arrastre\/","name":"Rolling drag | Industrias 9 de Julio","isPartOf":{"@id":"https:\/\/www.industrias9dejulio.com.ar\/#website"},"datePublished":"2015-11-23T12:04:23+00:00","dateModified":"2024-09-06T11:16:42+00:00","description":"Estos trailers cuentan con todas las condiciones de fortaleza y seguridad para circular por cualquier tipo de camino y en cualquier condici\u00f3n. Tienen sistema de frenos neum\u00e1ticos en los ejes, escalera de acceso con amplio desarrollo, barandas de protecci\u00f3n, plataforma de descanso y luces reglamentarias. Las unidades cuentan con la licencia LCM, que permite su patentamiento. Opcionales: Bauleras especiales, tanques de agua, luces exteriores telesc\u00f3picas, patas de apoyo extensibles, etc.","breadcrumb":{"@id":"https:\/\/www.industrias9dejulio.com.ar\/productos\/trailers-habitacionales\/rodantes-de-arrastre\/#breadcrumb"},"inLanguage":"en-US","potentialAction":[{"@type":"ReadAction","target":["https:\/\/www.industrias9dejulio.com.ar\/productos\/trailers-habitacionales\/rodantes-de-arrastre\/"]}]},{"@type":"BreadcrumbList","@id":"https:\/\/www.industrias9dejulio.com.ar\/productos\/trailers-habitacionales\/rodantes-de-arrastre\/#breadcrumb","itemListElement":[{"@type":"ListItem","position":1,"name":"Portada","item":"https:\/\/www.industrias9dejulio.com.ar\/"},{"@type":"ListItem","position":2,"name":"Productos","item":"https:\/\/www.industrias9dejulio.com.ar\/productos\/"},{"@type":"ListItem","position":3,"name":"Trailers habitacionales","item":"https:\/\/www.industrias9dejulio.com.ar\/productos\/trailers-habitacionales\/"},{"@type":"ListItem","position":4,"name":"Rodantes de arrastre"}]},{"@type":"WebSite","@id":"https:\/\/www.industrias9dejulio.com.ar\/#website","url":"https:\/\/www.industrias9dejulio.com.ar\/","name":"Industrias 9 de Julio","description":"Otro sitio realizado con WordPress","publisher":{"@id":"https:\/\/www.industrias9dejulio.com.ar\/#organization"},"potentialAction":[{"@type":"SearchAction","target":{"@type":"EntryPoint","urlTemplate":"https:\/\/www.industrias9dejulio.com.ar\/?s={search_term_string}"},"query-input":{"@type":"PropertyValueSpecification","valueRequired":true,"valueName":"search_term_string"}}],"inLanguage":"en-US"},{"@type":"Organization","@id":"https:\/\/www.industrias9dejulio.com.ar\/#organization","name":"Industrias 9 de Julio","url":"https:\/\/www.industrias9dejulio.com.ar\/","logo":{"@type":"ImageObject","inLanguage":"en-US","@id":"https:\/\/www.industrias9dejulio.com.ar\/#\/schema\/logo\/image\/","url":"https:\/\/www.industrias9dejulio.com.ar\/wp-content\/uploads\/2016\/01\/industrias-9-de-julio.png","contentUrl":"https:\/\/www.industrias9dejulio.com.ar\/wp-content\/uploads\/2016\/01\/industrias-9-de-julio.png","width":238,"height":57,"caption":"Industrias 9 de Julio"},"image":{"@id":"https:\/\/www.industrias9dejulio.com.ar\/#\/schema\/logo\/image\/"},"sameAs":["https:\/\/www.facebook.com\/Industrias-9-de-Julio-SA-244883452327387\/","https:\/\/www.youtube.com\/channel\/UC8XKwRju447msdGOmoYWNQg"]}]}},"_links":{"self":[{"href":"https:\/\/www.industrias9dejulio.com.ar\/en\/wp-json\/wp\/v2\/pages\/37","targetHints":{"allow":["GET"]}}],"collection":[{"href":"https:\/\/www.industrias9dejulio.com.ar\/en\/wp-json\/wp\/v2\/pages"}],"about":[{"href":"https:\/\/www.industrias9dejulio.com.ar\/en\/wp-json\/wp\/v2\/types\/page"}],"author":[{"embeddable":true,"href":"https:\/\/www.industrias9dejulio.com.ar\/en\/wp-json\/wp\/v2\/users\/1"}],"replies":[{"embeddable":true,"href":"https:\/\/www.industrias9dejulio.com.ar\/en\/wp-json\/wp\/v2\/comments?post=37"}],"version-history":[{"count":20,"href":"https:\/\/www.industrias9dejulio.com.ar\/en\/wp-json\/wp\/v2\/pages\/37\/revisions"}],"predecessor-version":[{"id":1940,"href":"https:\/\/www.industrias9dejulio.com.ar\/en\/wp-json\/wp\/v2\/pages\/37\/revisions\/1940"}],"up":[{"embeddable":true,"href":"https:\/\/www.industrias9dejulio.com.ar\/en\/wp-json\/wp\/v2\/pages\/22"}],"wp:attachment":[{"href":"https:\/\/www.industrias9dejulio.com.ar\/en\/wp-json\/wp\/v2\/media?parent=37"}],"curies":[{"name":"wp","href":"https:\/\/api.w.org\/{rel}","templated":true}]}}