{"id":34,"date":"2015-11-23T11:59:34","date_gmt":"2015-11-23T11:59:34","guid":{"rendered":"http:\/\/www.industrias9dejulio.com.ar\/?page_id=34"},"modified":"2024-09-06T08:15:35","modified_gmt":"2024-09-06T11:15:35","slug":"tipo-container","status":"publish","type":"page","link":"https:\/\/www.industrias9dejulio.com.ar\/en\/productos\/trailers-habitacionales\/tipo-container\/","title":{"rendered":"Container type"},"content":{"rendered":"<p>Own building units made with exterior coating of folded steel sheet like the maritime containers.<\/p>\n<p>The measures are\u00a0according to necessities and uses that the user will give. The unit is a great fortress solution.<\/p>\n<ul>\n<li>The robustness of a container with the comfort of a trailer<\/li>\n<li>Wide choice of measures.<\/li>\n<\/ul>\n<p><\/p>","protected":false},"excerpt":{"rendered":"<p class=\"qtranxs-available-languages-message qtranxs-available-languages-message-en\">Sorry, this entry is only available in <a href=\"https:\/\/www.industrias9dejulio.com.ar\/es\/wp-json\/wp\/v2\/pages\/34\" class=\"qtranxs-available-language-link qtranxs-available-language-link-es\" title=\"ES\">ES<\/a>.<\/p>\n","protected":false},"author":1,"featured_media":0,"parent":22,"menu_order":22,"comment_status":"closed","ping_status":"closed","template":"","meta":{"_acf_changed":false,"_joinchat":[],"footnotes":""},"class_list":["post-34","page","type-page","status-publish","hentry"],"acf":[],"yoast_head":"<!-- This site is optimized with the Yoast SEO plugin v25.2 - https:\/\/yoast.com\/wordpress\/plugins\/seo\/ -->\n<title>Container type | Industrias 9 de Julio<\/title>\n<meta name=\"description\" content=\"Unidades de fabricaci\u00f3n propia construidas con revestimiento exterior de chapa de acero plegada similar a los container mar\u00edtimos. A diferencia de estos \u00faltimos, las medidas ser\u00e1n de acuerdo a las necesidades y de los usos que les dar\u00e1 el usuario. El resto del equipo es similar a las Unidades sobre trineo. Resultan una soluci\u00f3n de gran fortaleza.\" \/>\n<meta name=\"robots\" content=\"index, follow, max-snippet:-1, max-image-preview:large, max-video-preview:-1\" \/>\n<link rel=\"canonical\" href=\"https:\/\/www.industrias9dejulio.com.ar\/productos\/trailers-habitacionales\/tipo-container\/\" \/>\n<meta name=\"twitter:label1\" content=\"Est. reading time\" \/>\n\t<meta name=\"twitter:data1\" content=\"1 minute\" \/>\n<script type=\"application\/ld+json\" class=\"yoast-schema-graph\">{\"@context\":\"https:\/\/schema.org\",\"@graph\":[{\"@type\":\"WebPage\",\"@id\":\"https:\/\/www.industrias9dejulio.com.ar\/productos\/trailers-habitacionales\/tipo-container\/\",\"url\":\"https:\/\/www.industrias9dejulio.com.ar\/productos\/trailers-habitacionales\/tipo-container\/\",\"name\":\"Container type | Industrias 9 de Julio\",\"isPartOf\":{\"@id\":\"https:\/\/www.industrias9dejulio.com.ar\/#website\"},\"datePublished\":\"2015-11-23T11:59:34+00:00\",\"dateModified\":\"2024-09-06T11:15:35+00:00\",\"description\":\"Unidades de fabricaci\u00f3n propia construidas con revestimiento exterior de chapa de acero plegada similar a los container mar\u00edtimos. A diferencia de estos \u00faltimos, las medidas ser\u00e1n de acuerdo a las necesidades y de los usos que les dar\u00e1 el usuario. El resto del equipo es similar a las Unidades sobre trineo. Resultan una soluci\u00f3n de gran fortaleza.\",\"breadcrumb\":{\"@id\":\"https:\/\/www.industrias9dejulio.com.ar\/productos\/trailers-habitacionales\/tipo-container\/#breadcrumb\"},\"inLanguage\":\"en-US\",\"potentialAction\":[{\"@type\":\"ReadAction\",\"target\":[\"https:\/\/www.industrias9dejulio.com.ar\/productos\/trailers-habitacionales\/tipo-container\/\"]}]},{\"@type\":\"BreadcrumbList\",\"@id\":\"https:\/\/www.industrias9dejulio.com.ar\/productos\/trailers-habitacionales\/tipo-container\/#breadcrumb\",\"itemListElement\":[{\"@type\":\"ListItem\",\"position\":1,\"name\":\"Portada\",\"item\":\"https:\/\/www.industrias9dejulio.com.ar\/\"},{\"@type\":\"ListItem\",\"position\":2,\"name\":\"Productos\",\"item\":\"https:\/\/www.industrias9dejulio.com.ar\/productos\/\"},{\"@type\":\"ListItem\",\"position\":3,\"name\":\"Trailers habitacionales\",\"item\":\"https:\/\/www.industrias9dejulio.com.ar\/productos\/trailers-habitacionales\/\"},{\"@type\":\"ListItem\",\"position\":4,\"name\":\"Tipo container\"}]},{\"@type\":\"WebSite\",\"@id\":\"https:\/\/www.industrias9dejulio.com.ar\/#website\",\"url\":\"https:\/\/www.industrias9dejulio.com.ar\/\",\"name\":\"Industrias 9 de Julio\",\"description\":\"Otro sitio realizado con WordPress\",\"publisher\":{\"@id\":\"https:\/\/www.industrias9dejulio.com.ar\/#organization\"},\"potentialAction\":[{\"@type\":\"SearchAction\",\"target\":{\"@type\":\"EntryPoint\",\"urlTemplate\":\"https:\/\/www.industrias9dejulio.com.ar\/?s={search_term_string}\"},\"query-input\":{\"@type\":\"PropertyValueSpecification\",\"valueRequired\":true,\"valueName\":\"search_term_string\"}}],\"inLanguage\":\"en-US\"},{\"@type\":\"Organization\",\"@id\":\"https:\/\/www.industrias9dejulio.com.ar\/#organization\",\"name\":\"Industrias 9 de Julio\",\"url\":\"https:\/\/www.industrias9dejulio.com.ar\/\",\"logo\":{\"@type\":\"ImageObject\",\"inLanguage\":\"en-US\",\"@id\":\"https:\/\/www.industrias9dejulio.com.ar\/#\/schema\/logo\/image\/\",\"url\":\"https:\/\/www.industrias9dejulio.com.ar\/wp-content\/uploads\/2016\/01\/industrias-9-de-julio.png\",\"contentUrl\":\"https:\/\/www.industrias9dejulio.com.ar\/wp-content\/uploads\/2016\/01\/industrias-9-de-julio.png\",\"width\":238,\"height\":57,\"caption\":\"Industrias 9 de Julio\"},\"image\":{\"@id\":\"https:\/\/www.industrias9dejulio.com.ar\/#\/schema\/logo\/image\/\"},\"sameAs\":[\"https:\/\/www.facebook.com\/Industrias-9-de-Julio-SA-244883452327387\/\",\"https:\/\/www.youtube.com\/channel\/UC8XKwRju447msdGOmoYWNQg\"]}]}<\/script>\n<!-- \/ Yoast SEO plugin. -->","yoast_head_json":{"title":"Container type | Industrias 9 de Julio","description":"Unidades de fabricaci\u00f3n propia construidas con revestimiento exterior de chapa de acero plegada similar a los container mar\u00edtimos. A diferencia de estos \u00faltimos, las medidas ser\u00e1n de acuerdo a las necesidades y de los usos que les dar\u00e1 el usuario. El resto del equipo es similar a las Unidades sobre trineo. Resultan una soluci\u00f3n de gran fortaleza.","robots":{"index":"index","follow":"follow","max-snippet":"max-snippet:-1","max-image-preview":"max-image-preview:large","max-video-preview":"max-video-preview:-1"},"canonical":"https:\/\/www.industrias9dejulio.com.ar\/productos\/trailers-habitacionales\/tipo-container\/","twitter_misc":{"Est. reading time":"1 minute"},"schema":{"@context":"https:\/\/schema.org","@graph":[{"@type":"WebPage","@id":"https:\/\/www.industrias9dejulio.com.ar\/productos\/trailers-habitacionales\/tipo-container\/","url":"https:\/\/www.industrias9dejulio.com.ar\/productos\/trailers-habitacionales\/tipo-container\/","name":"Container type | Industrias 9 de Julio","isPartOf":{"@id":"https:\/\/www.industrias9dejulio.com.ar\/#website"},"datePublished":"2015-11-23T11:59:34+00:00","dateModified":"2024-09-06T11:15:35+00:00","description":"Unidades de fabricaci\u00f3n propia construidas con revestimiento exterior de chapa de acero plegada similar a los container mar\u00edtimos. A diferencia de estos \u00faltimos, las medidas ser\u00e1n de acuerdo a las necesidades y de los usos que les dar\u00e1 el usuario. El resto del equipo es similar a las Unidades sobre trineo. Resultan una soluci\u00f3n de gran fortaleza.","breadcrumb":{"@id":"https:\/\/www.industrias9dejulio.com.ar\/productos\/trailers-habitacionales\/tipo-container\/#breadcrumb"},"inLanguage":"en-US","potentialAction":[{"@type":"ReadAction","target":["https:\/\/www.industrias9dejulio.com.ar\/productos\/trailers-habitacionales\/tipo-container\/"]}]},{"@type":"BreadcrumbList","@id":"https:\/\/www.industrias9dejulio.com.ar\/productos\/trailers-habitacionales\/tipo-container\/#breadcrumb","itemListElement":[{"@type":"ListItem","position":1,"name":"Portada","item":"https:\/\/www.industrias9dejulio.com.ar\/"},{"@type":"ListItem","position":2,"name":"Productos","item":"https:\/\/www.industrias9dejulio.com.ar\/productos\/"},{"@type":"ListItem","position":3,"name":"Trailers habitacionales","item":"https:\/\/www.industrias9dejulio.com.ar\/productos\/trailers-habitacionales\/"},{"@type":"ListItem","position":4,"name":"Tipo container"}]},{"@type":"WebSite","@id":"https:\/\/www.industrias9dejulio.com.ar\/#website","url":"https:\/\/www.industrias9dejulio.com.ar\/","name":"Industrias 9 de Julio","description":"Otro sitio realizado con WordPress","publisher":{"@id":"https:\/\/www.industrias9dejulio.com.ar\/#organization"},"potentialAction":[{"@type":"SearchAction","target":{"@type":"EntryPoint","urlTemplate":"https:\/\/www.industrias9dejulio.com.ar\/?s={search_term_string}"},"query-input":{"@type":"PropertyValueSpecification","valueRequired":true,"valueName":"search_term_string"}}],"inLanguage":"en-US"},{"@type":"Organization","@id":"https:\/\/www.industrias9dejulio.com.ar\/#organization","name":"Industrias 9 de Julio","url":"https:\/\/www.industrias9dejulio.com.ar\/","logo":{"@type":"ImageObject","inLanguage":"en-US","@id":"https:\/\/www.industrias9dejulio.com.ar\/#\/schema\/logo\/image\/","url":"https:\/\/www.industrias9dejulio.com.ar\/wp-content\/uploads\/2016\/01\/industrias-9-de-julio.png","contentUrl":"https:\/\/www.industrias9dejulio.com.ar\/wp-content\/uploads\/2016\/01\/industrias-9-de-julio.png","width":238,"height":57,"caption":"Industrias 9 de Julio"},"image":{"@id":"https:\/\/www.industrias9dejulio.com.ar\/#\/schema\/logo\/image\/"},"sameAs":["https:\/\/www.facebook.com\/Industrias-9-de-Julio-SA-244883452327387\/","https:\/\/www.youtube.com\/channel\/UC8XKwRju447msdGOmoYWNQg"]}]}},"_links":{"self":[{"href":"https:\/\/www.industrias9dejulio.com.ar\/en\/wp-json\/wp\/v2\/pages\/34","targetHints":{"allow":["GET"]}}],"collection":[{"href":"https:\/\/www.industrias9dejulio.com.ar\/en\/wp-json\/wp\/v2\/pages"}],"about":[{"href":"https:\/\/www.industrias9dejulio.com.ar\/en\/wp-json\/wp\/v2\/types\/page"}],"author":[{"embeddable":true,"href":"https:\/\/www.industrias9dejulio.com.ar\/en\/wp-json\/wp\/v2\/users\/1"}],"replies":[{"embeddable":true,"href":"https:\/\/www.industrias9dejulio.com.ar\/en\/wp-json\/wp\/v2\/comments?post=34"}],"version-history":[{"count":22,"href":"https:\/\/www.industrias9dejulio.com.ar\/en\/wp-json\/wp\/v2\/pages\/34\/revisions"}],"predecessor-version":[{"id":2245,"href":"https:\/\/www.industrias9dejulio.com.ar\/en\/wp-json\/wp\/v2\/pages\/34\/revisions\/2245"}],"up":[{"embeddable":true,"href":"https:\/\/www.industrias9dejulio.com.ar\/en\/wp-json\/wp\/v2\/pages\/22"}],"wp:attachment":[{"href":"https:\/\/www.industrias9dejulio.com.ar\/en\/wp-json\/wp\/v2\/media?parent=34"}],"curies":[{"name":"wp","href":"https:\/\/api.w.org\/{rel}","templated":true}]}}