{"id":24,"date":"2015-11-23T11:55:55","date_gmt":"2015-11-23T14:55:55","guid":{"rendered":"http:\/\/www.industrias9dejulio.com.ar\/?page_id=24"},"modified":"2025-11-27T11:49:39","modified_gmt":"2025-11-27T14:49:39","slug":"campamentos","status":"publish","type":"page","link":"https:\/\/www.industrias9dejulio.com.ar\/en\/productos\/campamentos\/","title":{"rendered":"Campgrounds"},"content":{"rendered":"<p><\/p>\n<h4 id=\"tw-target-text\" class=\"tw-data-text tw-text-large tw-ta\" dir=\"ltr\" data-placeholder=\"Traducci\u00f3n\" data-ved=\"2ahUKEwjtidaEhpKFAxX-qpUCHRW2Da0Q3ewLegQIBRAU\"><span class=\"Y2IQFc\" lang=\"en\">Oil and mining camps made up of transportable modules that allow them to be joined at the installation site, being able to configure buildings of large or small dimensions and for the most varied uses. <\/span><\/h4>\n<p class=\"tw-data-text tw-text-large tw-ta\" dir=\"ltr\" data-placeholder=\"Traducci\u00f3n\" data-ved=\"2ahUKEwjtidaEhpKFAxX-qpUCHRW2Da0Q3ewLegQIBRAU\"><span class=\"Y2IQFc\" lang=\"en\">There are designs that allow the camp to have the appearance of a traditional construction. They also allow their transfer and indefinite re-use without deterioration of the modules. <\/span><\/p>\n<ul>\n<li class=\"tw-data-text tw-text-large tw-ta\" dir=\"ltr\" data-placeholder=\"Traducci\u00f3n\" data-ved=\"2ahUKEwjtidaEhpKFAxX-qpUCHRW2Da0Q3ewLegQIBRAU\"><strong><span class=\"Y2IQFc\" lang=\"en\">Quick installation <\/span><\/strong><\/li>\n<li class=\"tw-data-text tw-text-large tw-ta\" dir=\"ltr\" data-placeholder=\"Traducci\u00f3n\" data-ved=\"2ahUKEwjtidaEhpKFAxX-qpUCHRW2Da0Q3ewLegQIBRAU\"><strong><span class=\"Y2IQFc\" lang=\"en\">Minimal on-site work <\/span><\/strong><\/li>\n<li class=\"tw-data-text tw-text-large tw-ta\" dir=\"ltr\" data-placeholder=\"Traducci\u00f3n\" data-ved=\"2ahUKEwjtidaEhpKFAxX-qpUCHRW2Da0Q3ewLegQIBRAU\"><strong><span class=\"Y2IQFc\" lang=\"en\">High durability.<\/span><\/strong><\/li>\n<\/ul>\n<p><\/p>","protected":false},"excerpt":{"rendered":"<p class=\"qtranxs-available-languages-message qtranxs-available-languages-message-en\">Sorry, this entry is only available in <a href=\"https:\/\/www.industrias9dejulio.com.ar\/es\/wp-json\/wp\/v2\/pages\/24\" class=\"qtranxs-available-language-link qtranxs-available-language-link-es\" title=\"ES\">ES<\/a>.<\/p>\n","protected":false},"author":1,"featured_media":474,"parent":16,"menu_order":12,"comment_status":"closed","ping_status":"closed","template":"","meta":{"_acf_changed":false,"_joinchat":[],"footnotes":""},"class_list":["post-24","page","type-page","status-publish","has-post-thumbnail","hentry"],"acf":[],"yoast_head":"<!-- This site is optimized with the Yoast SEO plugin v25.2 - https:\/\/yoast.com\/wordpress\/plugins\/seo\/ -->\n<title>Campgrounds | Industrias 9 de Julio<\/title>\n<meta name=\"description\" content=\"Campamentos petroleros y mineros conformados por m\u00f3dulos transportables que permiten su uni\u00f3n en el sitio de la instalaci\u00f3n pudiendo configurar edificios de grandes o peque\u00f1as dimensiones y para los m\u00e1s variados usos. Se cuentan con dise\u00f1os que hacen que el campamento tenga la apariencia de una construcci\u00f3n tradicional. Asimismo permiten su traslado y re-utilizaci\u00f3n indefinida sin el deterioro de los m\u00f3dulos.\" \/>\n<meta name=\"robots\" content=\"index, follow, max-snippet:-1, max-image-preview:large, max-video-preview:-1\" \/>\n<link rel=\"canonical\" href=\"https:\/\/www.industrias9dejulio.com.ar\/productos\/campamentos\/\" \/>\n<meta name=\"twitter:label1\" content=\"Est. reading time\" \/>\n\t<meta name=\"twitter:data1\" content=\"1 minute\" \/>\n<script type=\"application\/ld+json\" class=\"yoast-schema-graph\">{\"@context\":\"https:\/\/schema.org\",\"@graph\":[{\"@type\":\"WebPage\",\"@id\":\"https:\/\/www.industrias9dejulio.com.ar\/productos\/campamentos\/\",\"url\":\"https:\/\/www.industrias9dejulio.com.ar\/productos\/campamentos\/\",\"name\":\"Campgrounds | Industrias 9 de Julio\",\"isPartOf\":{\"@id\":\"https:\/\/www.industrias9dejulio.com.ar\/#website\"},\"primaryImageOfPage\":{\"@id\":\"https:\/\/www.industrias9dejulio.com.ar\/productos\/campamentos\/#primaryimage\"},\"image\":{\"@id\":\"https:\/\/www.industrias9dejulio.com.ar\/productos\/campamentos\/#primaryimage\"},\"thumbnailUrl\":\"https:\/\/www.industrias9dejulio.com.ar\/wp-content\/uploads\/2015\/11\/2.-Campamentos-2.jpg\",\"datePublished\":\"2015-11-23T14:55:55+00:00\",\"dateModified\":\"2025-11-27T14:49:39+00:00\",\"description\":\"Campamentos petroleros y mineros conformados por m\u00f3dulos transportables que permiten su uni\u00f3n en el sitio de la instalaci\u00f3n pudiendo configurar edificios de grandes o peque\u00f1as dimensiones y para los m\u00e1s variados usos. Se cuentan con dise\u00f1os que hacen que el campamento tenga la apariencia de una construcci\u00f3n tradicional. Asimismo permiten su traslado y re-utilizaci\u00f3n indefinida sin el deterioro de los m\u00f3dulos.\",\"breadcrumb\":{\"@id\":\"https:\/\/www.industrias9dejulio.com.ar\/productos\/campamentos\/#breadcrumb\"},\"inLanguage\":\"en-US\",\"potentialAction\":[{\"@type\":\"ReadAction\",\"target\":[\"https:\/\/www.industrias9dejulio.com.ar\/productos\/campamentos\/\"]}]},{\"@type\":\"ImageObject\",\"inLanguage\":\"en-US\",\"@id\":\"https:\/\/www.industrias9dejulio.com.ar\/productos\/campamentos\/#primaryimage\",\"url\":\"https:\/\/www.industrias9dejulio.com.ar\/wp-content\/uploads\/2015\/11\/2.-Campamentos-2.jpg\",\"contentUrl\":\"https:\/\/www.industrias9dejulio.com.ar\/wp-content\/uploads\/2015\/11\/2.-Campamentos-2.jpg\",\"width\":1024,\"height\":471},{\"@type\":\"BreadcrumbList\",\"@id\":\"https:\/\/www.industrias9dejulio.com.ar\/productos\/campamentos\/#breadcrumb\",\"itemListElement\":[{\"@type\":\"ListItem\",\"position\":1,\"name\":\"Portada\",\"item\":\"https:\/\/www.industrias9dejulio.com.ar\/\"},{\"@type\":\"ListItem\",\"position\":2,\"name\":\"Productos\",\"item\":\"https:\/\/www.industrias9dejulio.com.ar\/productos\/\"},{\"@type\":\"ListItem\",\"position\":3,\"name\":\"Campamentos y edificios modulares\"}]},{\"@type\":\"WebSite\",\"@id\":\"https:\/\/www.industrias9dejulio.com.ar\/#website\",\"url\":\"https:\/\/www.industrias9dejulio.com.ar\/\",\"name\":\"Industrias 9 de Julio\",\"description\":\"Otro sitio realizado con WordPress\",\"publisher\":{\"@id\":\"https:\/\/www.industrias9dejulio.com.ar\/#organization\"},\"potentialAction\":[{\"@type\":\"SearchAction\",\"target\":{\"@type\":\"EntryPoint\",\"urlTemplate\":\"https:\/\/www.industrias9dejulio.com.ar\/?s={search_term_string}\"},\"query-input\":{\"@type\":\"PropertyValueSpecification\",\"valueRequired\":true,\"valueName\":\"search_term_string\"}}],\"inLanguage\":\"en-US\"},{\"@type\":\"Organization\",\"@id\":\"https:\/\/www.industrias9dejulio.com.ar\/#organization\",\"name\":\"Industrias 9 de Julio\",\"url\":\"https:\/\/www.industrias9dejulio.com.ar\/\",\"logo\":{\"@type\":\"ImageObject\",\"inLanguage\":\"en-US\",\"@id\":\"https:\/\/www.industrias9dejulio.com.ar\/#\/schema\/logo\/image\/\",\"url\":\"https:\/\/www.industrias9dejulio.com.ar\/wp-content\/uploads\/2016\/01\/industrias-9-de-julio.png\",\"contentUrl\":\"https:\/\/www.industrias9dejulio.com.ar\/wp-content\/uploads\/2016\/01\/industrias-9-de-julio.png\",\"width\":238,\"height\":57,\"caption\":\"Industrias 9 de Julio\"},\"image\":{\"@id\":\"https:\/\/www.industrias9dejulio.com.ar\/#\/schema\/logo\/image\/\"},\"sameAs\":[\"https:\/\/www.facebook.com\/Industrias-9-de-Julio-SA-244883452327387\/\",\"https:\/\/www.youtube.com\/channel\/UC8XKwRju447msdGOmoYWNQg\"]}]}<\/script>\n<!-- \/ Yoast SEO plugin. -->","yoast_head_json":{"title":"Campgrounds | Industrias 9 de Julio","description":"Campamentos petroleros y mineros conformados por m\u00f3dulos transportables que permiten su uni\u00f3n en el sitio de la instalaci\u00f3n pudiendo configurar edificios de grandes o peque\u00f1as dimensiones y para los m\u00e1s variados usos. Se cuentan con dise\u00f1os que hacen que el campamento tenga la apariencia de una construcci\u00f3n tradicional. Asimismo permiten su traslado y re-utilizaci\u00f3n indefinida sin el deterioro de los m\u00f3dulos.","robots":{"index":"index","follow":"follow","max-snippet":"max-snippet:-1","max-image-preview":"max-image-preview:large","max-video-preview":"max-video-preview:-1"},"canonical":"https:\/\/www.industrias9dejulio.com.ar\/productos\/campamentos\/","twitter_misc":{"Est. reading time":"1 minute"},"schema":{"@context":"https:\/\/schema.org","@graph":[{"@type":"WebPage","@id":"https:\/\/www.industrias9dejulio.com.ar\/productos\/campamentos\/","url":"https:\/\/www.industrias9dejulio.com.ar\/productos\/campamentos\/","name":"Campgrounds | Industrias 9 de Julio","isPartOf":{"@id":"https:\/\/www.industrias9dejulio.com.ar\/#website"},"primaryImageOfPage":{"@id":"https:\/\/www.industrias9dejulio.com.ar\/productos\/campamentos\/#primaryimage"},"image":{"@id":"https:\/\/www.industrias9dejulio.com.ar\/productos\/campamentos\/#primaryimage"},"thumbnailUrl":"https:\/\/www.industrias9dejulio.com.ar\/wp-content\/uploads\/2015\/11\/2.-Campamentos-2.jpg","datePublished":"2015-11-23T14:55:55+00:00","dateModified":"2025-11-27T14:49:39+00:00","description":"Campamentos petroleros y mineros conformados por m\u00f3dulos transportables que permiten su uni\u00f3n en el sitio de la instalaci\u00f3n pudiendo configurar edificios de grandes o peque\u00f1as dimensiones y para los m\u00e1s variados usos. Se cuentan con dise\u00f1os que hacen que el campamento tenga la apariencia de una construcci\u00f3n tradicional. Asimismo permiten su traslado y re-utilizaci\u00f3n indefinida sin el deterioro de los m\u00f3dulos.","breadcrumb":{"@id":"https:\/\/www.industrias9dejulio.com.ar\/productos\/campamentos\/#breadcrumb"},"inLanguage":"en-US","potentialAction":[{"@type":"ReadAction","target":["https:\/\/www.industrias9dejulio.com.ar\/productos\/campamentos\/"]}]},{"@type":"ImageObject","inLanguage":"en-US","@id":"https:\/\/www.industrias9dejulio.com.ar\/productos\/campamentos\/#primaryimage","url":"https:\/\/www.industrias9dejulio.com.ar\/wp-content\/uploads\/2015\/11\/2.-Campamentos-2.jpg","contentUrl":"https:\/\/www.industrias9dejulio.com.ar\/wp-content\/uploads\/2015\/11\/2.-Campamentos-2.jpg","width":1024,"height":471},{"@type":"BreadcrumbList","@id":"https:\/\/www.industrias9dejulio.com.ar\/productos\/campamentos\/#breadcrumb","itemListElement":[{"@type":"ListItem","position":1,"name":"Portada","item":"https:\/\/www.industrias9dejulio.com.ar\/"},{"@type":"ListItem","position":2,"name":"Productos","item":"https:\/\/www.industrias9dejulio.com.ar\/productos\/"},{"@type":"ListItem","position":3,"name":"Campamentos y edificios modulares"}]},{"@type":"WebSite","@id":"https:\/\/www.industrias9dejulio.com.ar\/#website","url":"https:\/\/www.industrias9dejulio.com.ar\/","name":"Industrias 9 de Julio","description":"Otro sitio realizado con WordPress","publisher":{"@id":"https:\/\/www.industrias9dejulio.com.ar\/#organization"},"potentialAction":[{"@type":"SearchAction","target":{"@type":"EntryPoint","urlTemplate":"https:\/\/www.industrias9dejulio.com.ar\/?s={search_term_string}"},"query-input":{"@type":"PropertyValueSpecification","valueRequired":true,"valueName":"search_term_string"}}],"inLanguage":"en-US"},{"@type":"Organization","@id":"https:\/\/www.industrias9dejulio.com.ar\/#organization","name":"Industrias 9 de Julio","url":"https:\/\/www.industrias9dejulio.com.ar\/","logo":{"@type":"ImageObject","inLanguage":"en-US","@id":"https:\/\/www.industrias9dejulio.com.ar\/#\/schema\/logo\/image\/","url":"https:\/\/www.industrias9dejulio.com.ar\/wp-content\/uploads\/2016\/01\/industrias-9-de-julio.png","contentUrl":"https:\/\/www.industrias9dejulio.com.ar\/wp-content\/uploads\/2016\/01\/industrias-9-de-julio.png","width":238,"height":57,"caption":"Industrias 9 de Julio"},"image":{"@id":"https:\/\/www.industrias9dejulio.com.ar\/#\/schema\/logo\/image\/"},"sameAs":["https:\/\/www.facebook.com\/Industrias-9-de-Julio-SA-244883452327387\/","https:\/\/www.youtube.com\/channel\/UC8XKwRju447msdGOmoYWNQg"]}]}},"_links":{"self":[{"href":"https:\/\/www.industrias9dejulio.com.ar\/en\/wp-json\/wp\/v2\/pages\/24","targetHints":{"allow":["GET"]}}],"collection":[{"href":"https:\/\/www.industrias9dejulio.com.ar\/en\/wp-json\/wp\/v2\/pages"}],"about":[{"href":"https:\/\/www.industrias9dejulio.com.ar\/en\/wp-json\/wp\/v2\/types\/page"}],"author":[{"embeddable":true,"href":"https:\/\/www.industrias9dejulio.com.ar\/en\/wp-json\/wp\/v2\/users\/1"}],"replies":[{"embeddable":true,"href":"https:\/\/www.industrias9dejulio.com.ar\/en\/wp-json\/wp\/v2\/comments?post=24"}],"version-history":[{"count":28,"href":"https:\/\/www.industrias9dejulio.com.ar\/en\/wp-json\/wp\/v2\/pages\/24\/revisions"}],"predecessor-version":[{"id":2262,"href":"https:\/\/www.industrias9dejulio.com.ar\/en\/wp-json\/wp\/v2\/pages\/24\/revisions\/2262"}],"up":[{"embeddable":true,"href":"https:\/\/www.industrias9dejulio.com.ar\/en\/wp-json\/wp\/v2\/pages\/16"}],"wp:featuredmedia":[{"embeddable":true,"href":"https:\/\/www.industrias9dejulio.com.ar\/en\/wp-json\/wp\/v2\/media\/474"}],"wp:attachment":[{"href":"https:\/\/www.industrias9dejulio.com.ar\/en\/wp-json\/wp\/v2\/media?parent=24"}],"curies":[{"name":"wp","href":"https:\/\/api.w.org\/{rel}","templated":true}]}}