{"id":1538,"date":"2022-03-18T17:04:28","date_gmt":"2022-03-18T20:04:28","guid":{"rendered":"http:\/\/www.industrias9dejulio.com.ar\/?page_id=1538"},"modified":"2025-11-27T11:44:26","modified_gmt":"2025-11-27T14:44:26","slug":"shelters-salas-electricas","status":"publish","type":"page","link":"https:\/\/www.industrias9dejulio.com.ar\/en\/productos\/shelters\/shelters-salas-electricas\/","title":{"rendered":"Shelters &#8211; Electrical rooms"},"content":{"rendered":"<p><\/p>\n<h4 id=\"tw-target-text\" class=\"tw-data-text tw-text-large tw-ta\" dir=\"ltr\" data-placeholder=\"Traducci\u00f3n\" data-ved=\"2ahUKEwjtidaEhpKFAxX-qpUCHRW2Da0Q3ewLegQIBRAU\"><span class=\"Y2IQFc\" lang=\"en\">Shelters built in any of the different construction systems offered by our company, equipped as electrical shelters, electrical rooms, battery shelters, control rooms, telecommunications, etc.<\/span><\/h4>\n<p class=\"tw-data-text tw-text-large tw-ta\" dir=\"ltr\" data-placeholder=\"Traducci\u00f3n\" data-ved=\"2ahUKEwjtidaEhpKFAxX-qpUCHRW2Da0Q3ewLegQIBRAU\"><span class=\"Y2IQFc\" lang=\"en\"> Measurements and equipment are defined by the user. The engineering will be developed by the client or by Industrias 9 de Julio, which will submit it for approval and compliance. Constructively, all user specifications are respected and maximum quality and strength are ensured to ensure reliable and safe products. For large rooms, different modules from any construction system can be attached, creating spaces of any size that are necessary. <\/span><\/p>\n<ul>\n<li class=\"tw-data-text tw-text-large tw-ta\" dir=\"ltr\" data-placeholder=\"Traducci\u00f3n\" data-ved=\"2ahUKEwjtidaEhpKFAxX-qpUCHRW2Da0Q3ewLegQIBRAU\"><span class=\"Y2IQFc\" lang=\"en\">The units may be provided with various equipment, such as: <\/span><\/li>\n<li class=\"tw-data-text tw-text-large tw-ta\" dir=\"ltr\" data-placeholder=\"Traducci\u00f3n\" data-ved=\"2ahUKEwjtidaEhpKFAxX-qpUCHRW2Da0Q3ewLegQIBRAU\"><span class=\"Y2IQFc\" lang=\"en\">Anti-explosive electrical installation <\/span><\/li>\n<li class=\"tw-data-text tw-text-large tw-ta\" dir=\"ltr\" data-placeholder=\"Traducci\u00f3n\" data-ved=\"2ahUKEwjtidaEhpKFAxX-qpUCHRW2Da0Q3ewLegQIBRAU\"><span class=\"Y2IQFc\" lang=\"en\">Wall pass-through plates <\/span><\/li>\n<li class=\"tw-data-text tw-text-large tw-ta\" dir=\"ltr\" data-placeholder=\"Traducci\u00f3n\" data-ved=\"2ahUKEwjtidaEhpKFAxX-qpUCHRW2Da0Q3ewLegQIBRAU\"><span class=\"Y2IQFc\" lang=\"en\">Pressurization system <\/span><\/li>\n<li class=\"tw-data-text tw-text-large tw-ta\" dir=\"ltr\" data-placeholder=\"Traducci\u00f3n\" data-ved=\"2ahUKEwjtidaEhpKFAxX-qpUCHRW2Da0Q3ewLegQIBRAU\"><span class=\"Y2IQFc\" lang=\"en\">Technical floor <\/span><\/li>\n<li class=\"tw-data-text tw-text-large tw-ta\" dir=\"ltr\" data-placeholder=\"Traducci\u00f3n\" data-ved=\"2ahUKEwjtidaEhpKFAxX-qpUCHRW2Da0Q3ewLegQIBRAU\"><span class=\"Y2IQFc\" lang=\"en\">Removable floor <\/span><\/li>\n<li class=\"tw-data-text tw-text-large tw-ta\" dir=\"ltr\" data-placeholder=\"Traducci\u00f3n\" data-ved=\"2ahUKEwjtidaEhpKFAxX-qpUCHRW2Da0Q3ewLegQIBRAU\"><span class=\"Y2IQFc\" lang=\"en\">Cable trays <\/span><\/li>\n<li class=\"tw-data-text tw-text-large tw-ta\" dir=\"ltr\" data-placeholder=\"Traducci\u00f3n\" data-ved=\"2ahUKEwjtidaEhpKFAxX-qpUCHRW2Da0Q3ewLegQIBRAU\"><span class=\"Y2IQFc\" lang=\"en\">Backpack air conditioners <\/span><\/li>\n<li class=\"tw-data-text tw-text-large tw-ta\" dir=\"ltr\" data-placeholder=\"Traducci\u00f3n\" data-ved=\"2ahUKEwjtidaEhpKFAxX-qpUCHRW2Da0Q3ewLegQIBRAU\"><span class=\"Y2IQFc\" lang=\"en\">Fire detection and extinguishing system <\/span><\/li>\n<li class=\"tw-data-text tw-text-large tw-ta\" dir=\"ltr\" data-placeholder=\"Traducci\u00f3n\" data-ved=\"2ahUKEwjtidaEhpKFAxX-qpUCHRW2Da0Q3ewLegQIBRAU\"><span class=\"Y2IQFc\" lang=\"en\">Removable door panels <\/span><\/li>\n<li class=\"tw-data-text tw-text-large tw-ta\" dir=\"ltr\" data-placeholder=\"Traducci\u00f3n\" data-ved=\"2ahUKEwjtidaEhpKFAxX-qpUCHRW2Da0Q3ewLegQIBRAU\"><span class=\"Y2IQFc\" lang=\"en\">A lot of other options.<\/span><\/li>\n<\/ul>\n<h4 class=\"tw-data-text tw-text-large tw-ta\" dir=\"ltr\" data-placeholder=\"Traducci\u00f3n\" data-ved=\"2ahUKEwjtidaEhpKFAxX-qpUCHRW2Da0Q3ewLegQIBRAU\"><\/h4>\n<h4 id=\"tw-target-text\" class=\"tw-data-text tw-text-large tw-ta\" dir=\"ltr\" data-placeholder=\"Traducci\u00f3n\" data-ved=\"2ahUKEwjtidaEhpKFAxX-qpUCHRW2Da0Q3ewLegQIBRAU\"><\/h4>\n<p><\/p>","protected":false},"excerpt":{"rendered":"<p class=\"qtranxs-available-languages-message qtranxs-available-languages-message-en\">Sorry, this entry is only available in <a href=\"https:\/\/www.industrias9dejulio.com.ar\/es\/wp-json\/wp\/v2\/pages\/1538\" class=\"qtranxs-available-language-link qtranxs-available-language-link-es\" title=\"ES\">ES<\/a>.<\/p>\n","protected":false},"author":2,"featured_media":0,"parent":26,"menu_order":7,"comment_status":"closed","ping_status":"closed","template":"","meta":{"_acf_changed":false,"_joinchat":[],"footnotes":""},"class_list":["post-1538","page","type-page","status-publish","hentry"],"acf":[],"yoast_head":"<!-- This site is optimized with the Yoast SEO plugin v25.2 - https:\/\/yoast.com\/wordpress\/plugins\/seo\/ -->\n<title>Shelters - Electrical rooms | Industrias 9 de Julio<\/title>\n<meta name=\"description\" content=\"Shelters construidos en cualquiera de los diferentes sistemas constructivos que ofrece nuestra empresa, equipados como Shelters el\u00e9ctricos, Salas el\u00e9ctricas, Shelters para bater\u00edas, Salas de control, etc.\" \/>\n<meta name=\"robots\" content=\"index, follow, max-snippet:-1, max-image-preview:large, max-video-preview:-1\" \/>\n<link rel=\"canonical\" href=\"https:\/\/www.industrias9dejulio.com.ar\/productos\/shelters\/shelters-salas-electricas\/\" \/>\n<meta name=\"twitter:label1\" content=\"Est. reading time\" \/>\n\t<meta name=\"twitter:data1\" content=\"2 minutes\" \/>\n<script type=\"application\/ld+json\" class=\"yoast-schema-graph\">{\"@context\":\"https:\/\/schema.org\",\"@graph\":[{\"@type\":\"WebPage\",\"@id\":\"https:\/\/www.industrias9dejulio.com.ar\/productos\/shelters\/shelters-salas-electricas\/\",\"url\":\"https:\/\/www.industrias9dejulio.com.ar\/productos\/shelters\/shelters-salas-electricas\/\",\"name\":\"Shelters - Electrical rooms | Industrias 9 de Julio\",\"isPartOf\":{\"@id\":\"https:\/\/www.industrias9dejulio.com.ar\/#website\"},\"primaryImageOfPage\":{\"@id\":\"https:\/\/www.industrias9dejulio.com.ar\/productos\/shelters\/shelters-salas-electricas\/#primaryimage\"},\"image\":{\"@id\":\"https:\/\/www.industrias9dejulio.com.ar\/productos\/shelters\/shelters-salas-electricas\/#primaryimage\"},\"thumbnailUrl\":\"https:\/\/www.industrias9dejulio.com.ar\/wp-content\/uploads\/2015\/11\/Shelter-TV-digital-Venezuela.jpg\",\"datePublished\":\"2022-03-18T20:04:28+00:00\",\"dateModified\":\"2025-11-27T14:44:26+00:00\",\"description\":\"Shelters construidos en cualquiera de los diferentes sistemas constructivos que ofrece nuestra empresa, equipados como Shelters el\u00e9ctricos, Salas el\u00e9ctricas, Shelters para bater\u00edas, Salas de control, etc.\",\"breadcrumb\":{\"@id\":\"https:\/\/www.industrias9dejulio.com.ar\/productos\/shelters\/shelters-salas-electricas\/#breadcrumb\"},\"inLanguage\":\"en-US\",\"potentialAction\":[{\"@type\":\"ReadAction\",\"target\":[\"https:\/\/www.industrias9dejulio.com.ar\/productos\/shelters\/shelters-salas-electricas\/\"]}]},{\"@type\":\"ImageObject\",\"inLanguage\":\"en-US\",\"@id\":\"https:\/\/www.industrias9dejulio.com.ar\/productos\/shelters\/shelters-salas-electricas\/#primaryimage\",\"url\":\"https:\/\/www.industrias9dejulio.com.ar\/wp-content\/uploads\/2015\/11\/Shelter-TV-digital-Venezuela.jpg\",\"contentUrl\":\"https:\/\/www.industrias9dejulio.com.ar\/wp-content\/uploads\/2015\/11\/Shelter-TV-digital-Venezuela.jpg\"},{\"@type\":\"BreadcrumbList\",\"@id\":\"https:\/\/www.industrias9dejulio.com.ar\/productos\/shelters\/shelters-salas-electricas\/#breadcrumb\",\"itemListElement\":[{\"@type\":\"ListItem\",\"position\":1,\"name\":\"Portada\",\"item\":\"https:\/\/www.industrias9dejulio.com.ar\/\"},{\"@type\":\"ListItem\",\"position\":2,\"name\":\"Productos\",\"item\":\"https:\/\/www.industrias9dejulio.com.ar\/productos\/\"},{\"@type\":\"ListItem\",\"position\":3,\"name\":\"Shelters\",\"item\":\"https:\/\/www.industrias9dejulio.com.ar\/productos\/shelters\/\"},{\"@type\":\"ListItem\",\"position\":4,\"name\":\"Shelters &#8211; Salas el\u00e9ctricas\"}]},{\"@type\":\"WebSite\",\"@id\":\"https:\/\/www.industrias9dejulio.com.ar\/#website\",\"url\":\"https:\/\/www.industrias9dejulio.com.ar\/\",\"name\":\"Industrias 9 de Julio\",\"description\":\"Otro sitio realizado con WordPress\",\"publisher\":{\"@id\":\"https:\/\/www.industrias9dejulio.com.ar\/#organization\"},\"potentialAction\":[{\"@type\":\"SearchAction\",\"target\":{\"@type\":\"EntryPoint\",\"urlTemplate\":\"https:\/\/www.industrias9dejulio.com.ar\/?s={search_term_string}\"},\"query-input\":{\"@type\":\"PropertyValueSpecification\",\"valueRequired\":true,\"valueName\":\"search_term_string\"}}],\"inLanguage\":\"en-US\"},{\"@type\":\"Organization\",\"@id\":\"https:\/\/www.industrias9dejulio.com.ar\/#organization\",\"name\":\"Industrias 9 de Julio\",\"url\":\"https:\/\/www.industrias9dejulio.com.ar\/\",\"logo\":{\"@type\":\"ImageObject\",\"inLanguage\":\"en-US\",\"@id\":\"https:\/\/www.industrias9dejulio.com.ar\/#\/schema\/logo\/image\/\",\"url\":\"https:\/\/www.industrias9dejulio.com.ar\/wp-content\/uploads\/2016\/01\/industrias-9-de-julio.png\",\"contentUrl\":\"https:\/\/www.industrias9dejulio.com.ar\/wp-content\/uploads\/2016\/01\/industrias-9-de-julio.png\",\"width\":238,\"height\":57,\"caption\":\"Industrias 9 de Julio\"},\"image\":{\"@id\":\"https:\/\/www.industrias9dejulio.com.ar\/#\/schema\/logo\/image\/\"},\"sameAs\":[\"https:\/\/www.facebook.com\/Industrias-9-de-Julio-SA-244883452327387\/\",\"https:\/\/www.youtube.com\/channel\/UC8XKwRju447msdGOmoYWNQg\"]}]}<\/script>\n<!-- \/ Yoast SEO plugin. -->","yoast_head_json":{"title":"Shelters - Electrical rooms | Industrias 9 de Julio","description":"Shelters construidos en cualquiera de los diferentes sistemas constructivos que ofrece nuestra empresa, equipados como Shelters el\u00e9ctricos, Salas el\u00e9ctricas, Shelters para bater\u00edas, Salas de control, etc.","robots":{"index":"index","follow":"follow","max-snippet":"max-snippet:-1","max-image-preview":"max-image-preview:large","max-video-preview":"max-video-preview:-1"},"canonical":"https:\/\/www.industrias9dejulio.com.ar\/productos\/shelters\/shelters-salas-electricas\/","twitter_misc":{"Est. reading time":"2 minutes"},"schema":{"@context":"https:\/\/schema.org","@graph":[{"@type":"WebPage","@id":"https:\/\/www.industrias9dejulio.com.ar\/productos\/shelters\/shelters-salas-electricas\/","url":"https:\/\/www.industrias9dejulio.com.ar\/productos\/shelters\/shelters-salas-electricas\/","name":"Shelters - Electrical rooms | Industrias 9 de Julio","isPartOf":{"@id":"https:\/\/www.industrias9dejulio.com.ar\/#website"},"primaryImageOfPage":{"@id":"https:\/\/www.industrias9dejulio.com.ar\/productos\/shelters\/shelters-salas-electricas\/#primaryimage"},"image":{"@id":"https:\/\/www.industrias9dejulio.com.ar\/productos\/shelters\/shelters-salas-electricas\/#primaryimage"},"thumbnailUrl":"https:\/\/www.industrias9dejulio.com.ar\/wp-content\/uploads\/2015\/11\/Shelter-TV-digital-Venezuela.jpg","datePublished":"2022-03-18T20:04:28+00:00","dateModified":"2025-11-27T14:44:26+00:00","description":"Shelters construidos en cualquiera de los diferentes sistemas constructivos que ofrece nuestra empresa, equipados como Shelters el\u00e9ctricos, Salas el\u00e9ctricas, Shelters para bater\u00edas, Salas de control, etc.","breadcrumb":{"@id":"https:\/\/www.industrias9dejulio.com.ar\/productos\/shelters\/shelters-salas-electricas\/#breadcrumb"},"inLanguage":"en-US","potentialAction":[{"@type":"ReadAction","target":["https:\/\/www.industrias9dejulio.com.ar\/productos\/shelters\/shelters-salas-electricas\/"]}]},{"@type":"ImageObject","inLanguage":"en-US","@id":"https:\/\/www.industrias9dejulio.com.ar\/productos\/shelters\/shelters-salas-electricas\/#primaryimage","url":"https:\/\/www.industrias9dejulio.com.ar\/wp-content\/uploads\/2015\/11\/Shelter-TV-digital-Venezuela.jpg","contentUrl":"https:\/\/www.industrias9dejulio.com.ar\/wp-content\/uploads\/2015\/11\/Shelter-TV-digital-Venezuela.jpg"},{"@type":"BreadcrumbList","@id":"https:\/\/www.industrias9dejulio.com.ar\/productos\/shelters\/shelters-salas-electricas\/#breadcrumb","itemListElement":[{"@type":"ListItem","position":1,"name":"Portada","item":"https:\/\/www.industrias9dejulio.com.ar\/"},{"@type":"ListItem","position":2,"name":"Productos","item":"https:\/\/www.industrias9dejulio.com.ar\/productos\/"},{"@type":"ListItem","position":3,"name":"Shelters","item":"https:\/\/www.industrias9dejulio.com.ar\/productos\/shelters\/"},{"@type":"ListItem","position":4,"name":"Shelters &#8211; Salas el\u00e9ctricas"}]},{"@type":"WebSite","@id":"https:\/\/www.industrias9dejulio.com.ar\/#website","url":"https:\/\/www.industrias9dejulio.com.ar\/","name":"Industrias 9 de Julio","description":"Otro sitio realizado con WordPress","publisher":{"@id":"https:\/\/www.industrias9dejulio.com.ar\/#organization"},"potentialAction":[{"@type":"SearchAction","target":{"@type":"EntryPoint","urlTemplate":"https:\/\/www.industrias9dejulio.com.ar\/?s={search_term_string}"},"query-input":{"@type":"PropertyValueSpecification","valueRequired":true,"valueName":"search_term_string"}}],"inLanguage":"en-US"},{"@type":"Organization","@id":"https:\/\/www.industrias9dejulio.com.ar\/#organization","name":"Industrias 9 de Julio","url":"https:\/\/www.industrias9dejulio.com.ar\/","logo":{"@type":"ImageObject","inLanguage":"en-US","@id":"https:\/\/www.industrias9dejulio.com.ar\/#\/schema\/logo\/image\/","url":"https:\/\/www.industrias9dejulio.com.ar\/wp-content\/uploads\/2016\/01\/industrias-9-de-julio.png","contentUrl":"https:\/\/www.industrias9dejulio.com.ar\/wp-content\/uploads\/2016\/01\/industrias-9-de-julio.png","width":238,"height":57,"caption":"Industrias 9 de Julio"},"image":{"@id":"https:\/\/www.industrias9dejulio.com.ar\/#\/schema\/logo\/image\/"},"sameAs":["https:\/\/www.facebook.com\/Industrias-9-de-Julio-SA-244883452327387\/","https:\/\/www.youtube.com\/channel\/UC8XKwRju447msdGOmoYWNQg"]}]}},"_links":{"self":[{"href":"https:\/\/www.industrias9dejulio.com.ar\/en\/wp-json\/wp\/v2\/pages\/1538","targetHints":{"allow":["GET"]}}],"collection":[{"href":"https:\/\/www.industrias9dejulio.com.ar\/en\/wp-json\/wp\/v2\/pages"}],"about":[{"href":"https:\/\/www.industrias9dejulio.com.ar\/en\/wp-json\/wp\/v2\/types\/page"}],"author":[{"embeddable":true,"href":"https:\/\/www.industrias9dejulio.com.ar\/en\/wp-json\/wp\/v2\/users\/2"}],"replies":[{"embeddable":true,"href":"https:\/\/www.industrias9dejulio.com.ar\/en\/wp-json\/wp\/v2\/comments?post=1538"}],"version-history":[{"count":17,"href":"https:\/\/www.industrias9dejulio.com.ar\/en\/wp-json\/wp\/v2\/pages\/1538\/revisions"}],"predecessor-version":[{"id":2261,"href":"https:\/\/www.industrias9dejulio.com.ar\/en\/wp-json\/wp\/v2\/pages\/1538\/revisions\/2261"}],"up":[{"embeddable":true,"href":"https:\/\/www.industrias9dejulio.com.ar\/en\/wp-json\/wp\/v2\/pages\/26"}],"wp:attachment":[{"href":"https:\/\/www.industrias9dejulio.com.ar\/en\/wp-json\/wp\/v2\/media?parent=1538"}],"curies":[{"name":"wp","href":"https:\/\/api.w.org\/{rel}","templated":true}]}}