{"id":14,"date":"2015-11-23T11:51:53","date_gmt":"2015-11-23T14:51:53","guid":{"rendered":"http:\/\/www.industrias9dejulio.com.ar\/?page_id=14"},"modified":"2025-09-18T11:14:51","modified_gmt":"2025-09-18T14:14:51","slug":"la-empresa","status":"publish","type":"page","link":"https:\/\/www.industrias9dejulio.com.ar\/en\/la-empresa\/","title":{"rendered":"The company"},"content":{"rendered":"<p><\/p>\n<h3>Who we are<\/h3>\n<ul>\n<li><strong>We are a company producing trailers housing, shelters, camps and special developments for the oil, mining, power, technology and construction.<\/strong><\/li>\n<li><strong>All products are manufactured at our plant in July 9 (Bs. As.),<\/strong> From where they leave for Argentina and overseas units to team leader, laboratories, toilets, dormitories, offices, healthcare units, kitchens, dining room, etc.<\/li>\n<li><strong>Our philosophy is based on producing reliable products,<\/strong> so that they are a real solution to our customers. That is our main strength, perceived by our customers and makes more than 40 years we choose the leading companies in Argentina.<\/li>\n<\/ul>\n<p><img loading=\"lazy\" decoding=\"async\" class=\"aligncenter wp-image-716 size-full\" src=\"http:\/\/www.industrias9dejulio.com.ar\/wp-content\/uploads\/2015\/11\/numeros-en.jpg\" alt=\"numeros-en\" width=\"1188\" height=\"260\" srcset=\"https:\/\/www.industrias9dejulio.com.ar\/wp-content\/uploads\/2015\/11\/numeros-en.jpg 1188w, https:\/\/www.industrias9dejulio.com.ar\/wp-content\/uploads\/2015\/11\/numeros-en-600x131.jpg 600w, https:\/\/www.industrias9dejulio.com.ar\/wp-content\/uploads\/2015\/11\/numeros-en-1024x224.jpg 1024w, https:\/\/www.industrias9dejulio.com.ar\/wp-content\/uploads\/2015\/11\/numeros-en-24x5.jpg 24w, https:\/\/www.industrias9dejulio.com.ar\/wp-content\/uploads\/2015\/11\/numeros-en-36x8.jpg 36w, https:\/\/www.industrias9dejulio.com.ar\/wp-content\/uploads\/2015\/11\/numeros-en-48x11.jpg 48w\" sizes=\"auto, (max-width: 1188px) 100vw, 1188px\" \/><\/p>\n<h3>History<\/h3>\n<ul>\n<li><strong>Our company was founded in 1972 and has since had a steady growth in production capacity and product lines. In a constantly evolving process began manufacturing trailers housing, which with the passage of time and the demands of our customers were becoming increasingly sophisticated and meeting increasing standards of strength and security.<\/strong> Shelters line later he developed, to finally incorporate the oil fields to the list of manufactured products. Throughout the years we have accompanied the needs of our customers, developing special products for customer satisfaction and strengthening our expertise. Throughout this process we have established a team of highly trained human resources and committed to the needs of customers.<\/li>\n<li><strong>We were the first company in the sector in obtaining the LCM<\/strong> (authorization to allow the patenting of mobile units) and certified ISO 9001-2000 (2005). Today the reality is we as one of the market leaders, innovative, with strong technological and economic base that allows us to be leaders of the sector and to undertake major and complex projects.<\/li>\n<\/ul>\n<h3>Quality<\/h3>\n<ul>\n<li><strong>All our effort is to achieve reliable products,<\/strong> for that quality is the main factor to care for and develop.<\/li>\n<li><strong>We have our processes certified under ISO 9001-2008 standards,<\/strong> ensuring that the products delivered will meet the needs of users.<br \/>\nWe believe that quality is a dynamic concept that evolves with the growing needs of our customers, we seek to do the same and our satisfied users are witnesses.<\/li>\n<\/ul>\n\n\t\t<style type=\"text\/css\">\n\t\t\t#gallery-2 {\n\t\t\t\tmargin: auto;\n\t\t\t}\n\t\t\t#gallery-2 .gallery-item {\n\t\t\t\tfloat: left;\n\t\t\t\tmargin-top: 10px;\n\t\t\t\ttext-align: center;\n\t\t\t\twidth: 33%;\n\t\t\t}\n\t\t\t#gallery-2 img {\n\t\t\t\tborder: 2px solid #cfcfcf;\n\t\t\t}\n\t\t\t#gallery-2 .gallery-caption {\n\t\t\t\tmargin-left: 0;\n\t\t\t}\n\t\t\t\/* see gallery_shortcode() in wp-includes\/media.php *\/\n\t\t<\/style>\n\t\t<div id='gallery-2' class='gallery galleryid-14 gallery-columns-3 gallery-size-thumbnail'><dl class='gallery-item'>\n\t\t\t<dt class='gallery-icon landscape'>\n\t\t\t\t<a href='https:\/\/www.industrias9dejulio.com.ar\/wp-content\/uploads\/2015\/11\/Planta-industrial-2007-editado1.jpg' title=\"\" data-rl_title=\"\" class=\"rl-gallery-link\" data-rl_caption=\"\" data-rel=\"lightbox-gallery-2\"><img loading=\"lazy\" decoding=\"async\" width=\"300\" height=\"300\" src=\"https:\/\/www.industrias9dejulio.com.ar\/wp-content\/uploads\/2015\/11\/Planta-industrial-2007-editado1-300x300.jpg\" class=\"attachment-thumbnail size-thumbnail\" alt=\"\" \/><\/a>\n\t\t\t<\/dt><\/dl><dl class='gallery-item'>\n\t\t\t<dt class='gallery-icon landscape'>\n\t\t\t\t<a href='https:\/\/www.industrias9dejulio.com.ar\/wp-content\/uploads\/2015\/11\/DJI000201.jpg' title=\"\" data-rl_title=\"\" class=\"rl-gallery-link\" data-rl_caption=\"\" data-rel=\"lightbox-gallery-2\"><img loading=\"lazy\" decoding=\"async\" width=\"300\" height=\"300\" src=\"https:\/\/www.industrias9dejulio.com.ar\/wp-content\/uploads\/2015\/11\/DJI000201-300x300.jpg\" class=\"attachment-thumbnail size-thumbnail\" alt=\"\" \/><\/a>\n\t\t\t<\/dt><\/dl><dl class='gallery-item'>\n\t\t\t<dt class='gallery-icon landscape'>\n\t\t\t\t<a href='https:\/\/www.industrias9dejulio.com.ar\/wp-content\/uploads\/2015\/11\/DSC026471.jpg' title=\"\" data-rl_title=\"\" class=\"rl-gallery-link\" data-rl_caption=\"\" data-rel=\"lightbox-gallery-2\"><img loading=\"lazy\" decoding=\"async\" width=\"300\" height=\"300\" src=\"https:\/\/www.industrias9dejulio.com.ar\/wp-content\/uploads\/2015\/11\/DSC026471-300x300.jpg\" class=\"attachment-thumbnail size-thumbnail\" alt=\"\" \/><\/a>\n\t\t\t<\/dt><\/dl><br style=\"clear: both\" \/><dl class='gallery-item'>\n\t\t\t<dt class='gallery-icon landscape'>\n\t\t\t\t<a href='https:\/\/www.industrias9dejulio.com.ar\/wp-content\/uploads\/2015\/11\/DSC026381.jpg' title=\"\" data-rl_title=\"\" class=\"rl-gallery-link\" data-rl_caption=\"\" data-rel=\"lightbox-gallery-2\"><img loading=\"lazy\" decoding=\"async\" width=\"300\" height=\"300\" src=\"https:\/\/www.industrias9dejulio.com.ar\/wp-content\/uploads\/2015\/11\/DSC026381-300x300.jpg\" class=\"attachment-thumbnail size-thumbnail\" alt=\"\" \/><\/a>\n\t\t\t<\/dt><\/dl><dl class='gallery-item'>\n\t\t\t<dt class='gallery-icon landscape'>\n\t\t\t\t<a href='https:\/\/www.industrias9dejulio.com.ar\/wp-content\/uploads\/2015\/11\/DSC026371.jpg' title=\"\" data-rl_title=\"\" class=\"rl-gallery-link\" data-rl_caption=\"\" data-rel=\"lightbox-gallery-2\"><img loading=\"lazy\" decoding=\"async\" width=\"300\" height=\"300\" src=\"https:\/\/www.industrias9dejulio.com.ar\/wp-content\/uploads\/2015\/11\/DSC026371-300x300.jpg\" class=\"attachment-thumbnail size-thumbnail\" alt=\"\" \/><\/a>\n\t\t\t<\/dt><\/dl><dl class='gallery-item'>\n\t\t\t<dt class='gallery-icon landscape'>\n\t\t\t\t<a href='https:\/\/www.industrias9dejulio.com.ar\/wp-content\/uploads\/2015\/11\/la-empresa-21.jpg' title=\"\" data-rl_title=\"\" class=\"rl-gallery-link\" data-rl_caption=\"\" data-rel=\"lightbox-gallery-2\"><img loading=\"lazy\" decoding=\"async\" width=\"300\" height=\"300\" src=\"https:\/\/www.industrias9dejulio.com.ar\/wp-content\/uploads\/2015\/11\/la-empresa-21-300x300.jpg\" class=\"attachment-thumbnail size-thumbnail\" alt=\"\" \/><\/a>\n\t\t\t<\/dt><\/dl><br style=\"clear: both\" \/><dl class='gallery-item'>\n\t\t\t<dt class='gallery-icon landscape'>\n\t\t\t\t<a href='https:\/\/www.industrias9dejulio.com.ar\/wp-content\/uploads\/2015\/11\/la-empresa-41.jpg' title=\"\" data-rl_title=\"\" class=\"rl-gallery-link\" data-rl_caption=\"\" data-rel=\"lightbox-gallery-2\"><img loading=\"lazy\" decoding=\"async\" width=\"300\" height=\"300\" src=\"https:\/\/www.industrias9dejulio.com.ar\/wp-content\/uploads\/2015\/11\/la-empresa-41-300x300.jpg\" class=\"attachment-thumbnail size-thumbnail\" alt=\"\" \/><\/a>\n\t\t\t<\/dt><\/dl><dl class='gallery-item'>\n\t\t\t<dt class='gallery-icon landscape'>\n\t\t\t\t<a href='https:\/\/www.industrias9dejulio.com.ar\/wp-content\/uploads\/2015\/11\/la-empresa-31.jpg' title=\"\" data-rl_title=\"\" class=\"rl-gallery-link\" data-rl_caption=\"\" data-rel=\"lightbox-gallery-2\"><img loading=\"lazy\" decoding=\"async\" width=\"300\" height=\"300\" src=\"https:\/\/www.industrias9dejulio.com.ar\/wp-content\/uploads\/2015\/11\/la-empresa-31-300x300.jpg\" class=\"attachment-thumbnail size-thumbnail\" alt=\"\" \/><\/a>\n\t\t\t<\/dt><\/dl><dl class='gallery-item'>\n\t\t\t<dt class='gallery-icon landscape'>\n\t\t\t\t<a href='https:\/\/www.industrias9dejulio.com.ar\/wp-content\/uploads\/2015\/11\/la-empresa-11.jpg' title=\"\" data-rl_title=\"\" class=\"rl-gallery-link\" data-rl_caption=\"\" data-rel=\"lightbox-gallery-2\"><img loading=\"lazy\" decoding=\"async\" width=\"300\" height=\"300\" src=\"https:\/\/www.industrias9dejulio.com.ar\/wp-content\/uploads\/2015\/11\/la-empresa-11-300x300.jpg\" class=\"attachment-thumbnail size-thumbnail\" alt=\"\" \/><\/a>\n\t\t\t<\/dt><\/dl><br style=\"clear: both\" \/><dl class='gallery-item'>\n\t\t\t<dt class='gallery-icon landscape'>\n\t\t\t\t<a href='https:\/\/www.industrias9dejulio.com.ar\/wp-content\/uploads\/2015\/11\/DSC026571.jpg' title=\"\" data-rl_title=\"\" class=\"rl-gallery-link\" data-rl_caption=\"\" data-rel=\"lightbox-gallery-2\"><img loading=\"lazy\" decoding=\"async\" width=\"300\" height=\"300\" src=\"https:\/\/www.industrias9dejulio.com.ar\/wp-content\/uploads\/2015\/11\/DSC026571-300x300.jpg\" class=\"attachment-thumbnail size-thumbnail\" alt=\"\" \/><\/a>\n\t\t\t<\/dt><\/dl><dl class='gallery-item'>\n\t\t\t<dt class='gallery-icon landscape'>\n\t\t\t\t<a href='https:\/\/www.industrias9dejulio.com.ar\/wp-content\/uploads\/2015\/11\/DSC048321.jpg' title=\"\" data-rl_title=\"\" class=\"rl-gallery-link\" data-rl_caption=\"\" data-rel=\"lightbox-gallery-2\"><img loading=\"lazy\" decoding=\"async\" width=\"300\" height=\"300\" src=\"https:\/\/www.industrias9dejulio.com.ar\/wp-content\/uploads\/2015\/11\/DSC048321-300x300.jpg\" class=\"attachment-thumbnail size-thumbnail\" alt=\"\" \/><\/a>\n\t\t\t<\/dt><\/dl><dl class='gallery-item'>\n\t\t\t<dt class='gallery-icon landscape'>\n\t\t\t\t<a href='https:\/\/www.industrias9dejulio.com.ar\/wp-content\/uploads\/2015\/11\/TI-970-en-el-pozo1.jpg' title=\"\" data-rl_title=\"\" class=\"rl-gallery-link\" data-rl_caption=\"\" data-rel=\"lightbox-gallery-2\"><img loading=\"lazy\" decoding=\"async\" width=\"300\" height=\"300\" src=\"https:\/\/www.industrias9dejulio.com.ar\/wp-content\/uploads\/2015\/11\/TI-970-en-el-pozo1-300x300.jpg\" class=\"attachment-thumbnail size-thumbnail\" alt=\"\" \/><\/a>\n\t\t\t<\/dt><\/dl><br style=\"clear: both\" \/>\n\t\t<\/div>\n\n<p><\/p>","protected":false},"excerpt":{"rendered":"<p>With an industrial plant in the Nueve de Julio, Buenos Aires, July 9 INDUSTRIES SA It is one of the leading companies in Argentina, with making the most complete line of Transportable Room Units for Oil, Mining, construction industries and for agricultural use.<\/p>\n","protected":false},"author":1,"featured_media":76,"parent":0,"menu_order":17,"comment_status":"closed","ping_status":"closed","template":"","meta":{"_acf_changed":false,"_joinchat":[],"footnotes":""},"class_list":["post-14","page","type-page","status-publish","has-post-thumbnail","hentry"],"acf":[],"yoast_head":"<!-- This site is optimized with the Yoast SEO plugin v25.2 - https:\/\/yoast.com\/wordpress\/plugins\/seo\/ -->\n<title>The company | Industrias 9 de Julio<\/title>\n<meta name=\"description\" content=\"\u2022 Somos una empresa que produce tr\u00e1ilers habitacionales, Shelters, Campamentos y desarrollos especiales para las industrias petrolera, minera, el\u00e9ctrica, de tecnolog\u00eda y de la construcci\u00f3n.  \u2022 En nuestra planta de 9 de Julio (Bs. As.) fabricamos los productos, utilizando la m\u00e1s avanzada tecnolog\u00eda y m\u00e9todos de construcci\u00f3n, desde donde salen para la Argentina y el exterior Campamentos, Shelters, Unidades para jefe de equipo, Laboratorios, Sanitarios, Dormitorios, Oficinas, Unidades de atenci\u00f3n m\u00e9dica, cocinas comedor, etc., siendo proveedores de las m\u00e1s importantes y exigentes empresas del pa\u00eds.  \u2022 Nuestra empresa fue la primera del sector en certificar las normas ISO 9001 manteniendola hasta ahora y respetando los altos estandares de calidad que aseguran nuestro liderazgo  \u2022 El Departamento de Ingenier\u00eda nos permite desarrollar para nuestros clientes, y junto a ellos, las soluciones m\u00e1s adecuadas a sus necesidades.  \u2022 Nuestra filosof\u00eda de trabajo se basa en la fabricaci\u00f3n de productos CONFIABLES, de manera que resulten una real soluci\u00f3n para nuestros clientes. Esa es nuestra principal fortaleza, la que perciben nuestros clientes y la que hace que desde hace 50 a\u00f1os nos elijan las principales empresas de la Argentina.With an industrial plant in the Nueve de Julio, Buenos Aires, July 9 INDUSTRIES SA It is one of the leading companies in Argentina, with making the most complete line of Transportable Room Units for Oil, Mining, construction industries and for agricultural use.\" \/>\n<meta name=\"robots\" content=\"index, follow, max-snippet:-1, max-image-preview:large, max-video-preview:-1\" \/>\n<link rel=\"canonical\" href=\"https:\/\/www.industrias9dejulio.com.ar\/la-empresa\/\" \/>\n<meta name=\"twitter:label1\" content=\"Est. reading time\" \/>\n\t<meta name=\"twitter:data1\" content=\"6 minutes\" \/>\n<script type=\"application\/ld+json\" class=\"yoast-schema-graph\">{\"@context\":\"https:\/\/schema.org\",\"@graph\":[{\"@type\":\"WebPage\",\"@id\":\"https:\/\/www.industrias9dejulio.com.ar\/la-empresa\/\",\"url\":\"https:\/\/www.industrias9dejulio.com.ar\/la-empresa\/\",\"name\":\"The company | Industrias 9 de Julio\",\"isPartOf\":{\"@id\":\"https:\/\/www.industrias9dejulio.com.ar\/#website\"},\"primaryImageOfPage\":{\"@id\":\"https:\/\/www.industrias9dejulio.com.ar\/la-empresa\/#primaryimage\"},\"image\":{\"@id\":\"https:\/\/www.industrias9dejulio.com.ar\/la-empresa\/#primaryimage\"},\"thumbnailUrl\":\"https:\/\/www.industrias9dejulio.com.ar\/wp-content\/uploads\/2015\/11\/institucional-home.jpg\",\"datePublished\":\"2015-11-23T14:51:53+00:00\",\"dateModified\":\"2025-09-18T14:14:51+00:00\",\"description\":\"\u2022 Somos una empresa que produce tr\u00e1ilers habitacionales, Shelters, Campamentos y desarrollos especiales para las industrias petrolera, minera, el\u00e9ctrica, de tecnolog\u00eda y de la construcci\u00f3n. \u2022 En nuestra planta de 9 de Julio (Bs. As.) fabricamos los productos, utilizando la m\u00e1s avanzada tecnolog\u00eda y m\u00e9todos de construcci\u00f3n, desde donde salen para la Argentina y el exterior Campamentos, Shelters, Unidades para jefe de equipo, Laboratorios, Sanitarios, Dormitorios, Oficinas, Unidades de atenci\u00f3n m\u00e9dica, cocinas comedor, etc., siendo proveedores de las m\u00e1s importantes y exigentes empresas del pa\u00eds. \u2022 Nuestra empresa fue la primera del sector en certificar las normas ISO 9001 manteniendola hasta ahora y respetando los altos estandares de calidad que aseguran nuestro liderazgo \u2022 El Departamento de Ingenier\u00eda nos permite desarrollar para nuestros clientes, y junto a ellos, las soluciones m\u00e1s adecuadas a sus necesidades. \u2022 Nuestra filosof\u00eda de trabajo se basa en la fabricaci\u00f3n de productos CONFIABLES, de manera que resulten una real soluci\u00f3n para nuestros clientes. Esa es nuestra principal fortaleza, la que perciben nuestros clientes y la que hace que desde hace 50 a\u00f1os nos elijan las principales empresas de la Argentina.With an industrial plant in the Nueve de Julio, Buenos Aires, July 9 INDUSTRIES SA It is one of the leading companies in Argentina, with making the most complete line of Transportable Room Units for Oil, Mining, construction industries and for agricultural use.\",\"breadcrumb\":{\"@id\":\"https:\/\/www.industrias9dejulio.com.ar\/la-empresa\/#breadcrumb\"},\"inLanguage\":\"en-US\",\"potentialAction\":[{\"@type\":\"ReadAction\",\"target\":[\"https:\/\/www.industrias9dejulio.com.ar\/la-empresa\/\"]}]},{\"@type\":\"ImageObject\",\"inLanguage\":\"en-US\",\"@id\":\"https:\/\/www.industrias9dejulio.com.ar\/la-empresa\/#primaryimage\",\"url\":\"https:\/\/www.industrias9dejulio.com.ar\/wp-content\/uploads\/2015\/11\/institucional-home.jpg\",\"contentUrl\":\"https:\/\/www.industrias9dejulio.com.ar\/wp-content\/uploads\/2015\/11\/institucional-home.jpg\",\"width\":377,\"height\":288},{\"@type\":\"BreadcrumbList\",\"@id\":\"https:\/\/www.industrias9dejulio.com.ar\/la-empresa\/#breadcrumb\",\"itemListElement\":[{\"@type\":\"ListItem\",\"position\":1,\"name\":\"Portada\",\"item\":\"https:\/\/www.industrias9dejulio.com.ar\/\"},{\"@type\":\"ListItem\",\"position\":2,\"name\":\"La empresa\"}]},{\"@type\":\"WebSite\",\"@id\":\"https:\/\/www.industrias9dejulio.com.ar\/#website\",\"url\":\"https:\/\/www.industrias9dejulio.com.ar\/\",\"name\":\"Industrias 9 de Julio\",\"description\":\"Otro sitio realizado con WordPress\",\"publisher\":{\"@id\":\"https:\/\/www.industrias9dejulio.com.ar\/#organization\"},\"potentialAction\":[{\"@type\":\"SearchAction\",\"target\":{\"@type\":\"EntryPoint\",\"urlTemplate\":\"https:\/\/www.industrias9dejulio.com.ar\/?s={search_term_string}\"},\"query-input\":{\"@type\":\"PropertyValueSpecification\",\"valueRequired\":true,\"valueName\":\"search_term_string\"}}],\"inLanguage\":\"en-US\"},{\"@type\":\"Organization\",\"@id\":\"https:\/\/www.industrias9dejulio.com.ar\/#organization\",\"name\":\"Industrias 9 de Julio\",\"url\":\"https:\/\/www.industrias9dejulio.com.ar\/\",\"logo\":{\"@type\":\"ImageObject\",\"inLanguage\":\"en-US\",\"@id\":\"https:\/\/www.industrias9dejulio.com.ar\/#\/schema\/logo\/image\/\",\"url\":\"https:\/\/www.industrias9dejulio.com.ar\/wp-content\/uploads\/2016\/01\/industrias-9-de-julio.png\",\"contentUrl\":\"https:\/\/www.industrias9dejulio.com.ar\/wp-content\/uploads\/2016\/01\/industrias-9-de-julio.png\",\"width\":238,\"height\":57,\"caption\":\"Industrias 9 de Julio\"},\"image\":{\"@id\":\"https:\/\/www.industrias9dejulio.com.ar\/#\/schema\/logo\/image\/\"},\"sameAs\":[\"https:\/\/www.facebook.com\/Industrias-9-de-Julio-SA-244883452327387\/\",\"https:\/\/www.youtube.com\/channel\/UC8XKwRju447msdGOmoYWNQg\"]}]}<\/script>\n<!-- \/ Yoast SEO plugin. -->","yoast_head_json":{"title":"The company | Industrias 9 de Julio","description":"\u2022 Somos una empresa que produce tr\u00e1ilers habitacionales, Shelters, Campamentos y desarrollos especiales para las industrias petrolera, minera, el\u00e9ctrica, de tecnolog\u00eda y de la construcci\u00f3n.  \u2022 En nuestra planta de 9 de Julio (Bs. As.) fabricamos los productos, utilizando la m\u00e1s avanzada tecnolog\u00eda y m\u00e9todos de construcci\u00f3n, desde donde salen para la Argentina y el exterior Campamentos, Shelters, Unidades para jefe de equipo, Laboratorios, Sanitarios, Dormitorios, Oficinas, Unidades de atenci\u00f3n m\u00e9dica, cocinas comedor, etc., siendo proveedores de las m\u00e1s importantes y exigentes empresas del pa\u00eds.  \u2022 Nuestra empresa fue la primera del sector en certificar las normas ISO 9001 manteniendola hasta ahora y respetando los altos estandares de calidad que aseguran nuestro liderazgo  \u2022 El Departamento de Ingenier\u00eda nos permite desarrollar para nuestros clientes, y junto a ellos, las soluciones m\u00e1s adecuadas a sus necesidades.  \u2022 Nuestra filosof\u00eda de trabajo se basa en la fabricaci\u00f3n de productos CONFIABLES, de manera que resulten una real soluci\u00f3n para nuestros clientes. Esa es nuestra principal fortaleza, la que perciben nuestros clientes y la que hace que desde hace 50 a\u00f1os nos elijan las principales empresas de la Argentina.With an industrial plant in the Nueve de Julio, Buenos Aires, July 9 INDUSTRIES SA It is one of the leading companies in Argentina, with making the most complete line of Transportable Room Units for Oil, Mining, construction industries and for agricultural use.","robots":{"index":"index","follow":"follow","max-snippet":"max-snippet:-1","max-image-preview":"max-image-preview:large","max-video-preview":"max-video-preview:-1"},"canonical":"https:\/\/www.industrias9dejulio.com.ar\/la-empresa\/","twitter_misc":{"Est. reading time":"6 minutes"},"schema":{"@context":"https:\/\/schema.org","@graph":[{"@type":"WebPage","@id":"https:\/\/www.industrias9dejulio.com.ar\/la-empresa\/","url":"https:\/\/www.industrias9dejulio.com.ar\/la-empresa\/","name":"The company | Industrias 9 de Julio","isPartOf":{"@id":"https:\/\/www.industrias9dejulio.com.ar\/#website"},"primaryImageOfPage":{"@id":"https:\/\/www.industrias9dejulio.com.ar\/la-empresa\/#primaryimage"},"image":{"@id":"https:\/\/www.industrias9dejulio.com.ar\/la-empresa\/#primaryimage"},"thumbnailUrl":"https:\/\/www.industrias9dejulio.com.ar\/wp-content\/uploads\/2015\/11\/institucional-home.jpg","datePublished":"2015-11-23T14:51:53+00:00","dateModified":"2025-09-18T14:14:51+00:00","description":"\u2022 Somos una empresa que produce tr\u00e1ilers habitacionales, Shelters, Campamentos y desarrollos especiales para las industrias petrolera, minera, el\u00e9ctrica, de tecnolog\u00eda y de la construcci\u00f3n. \u2022 En nuestra planta de 9 de Julio (Bs. As.) fabricamos los productos, utilizando la m\u00e1s avanzada tecnolog\u00eda y m\u00e9todos de construcci\u00f3n, desde donde salen para la Argentina y el exterior Campamentos, Shelters, Unidades para jefe de equipo, Laboratorios, Sanitarios, Dormitorios, Oficinas, Unidades de atenci\u00f3n m\u00e9dica, cocinas comedor, etc., siendo proveedores de las m\u00e1s importantes y exigentes empresas del pa\u00eds. \u2022 Nuestra empresa fue la primera del sector en certificar las normas ISO 9001 manteniendola hasta ahora y respetando los altos estandares de calidad que aseguran nuestro liderazgo \u2022 El Departamento de Ingenier\u00eda nos permite desarrollar para nuestros clientes, y junto a ellos, las soluciones m\u00e1s adecuadas a sus necesidades. \u2022 Nuestra filosof\u00eda de trabajo se basa en la fabricaci\u00f3n de productos CONFIABLES, de manera que resulten una real soluci\u00f3n para nuestros clientes. Esa es nuestra principal fortaleza, la que perciben nuestros clientes y la que hace que desde hace 50 a\u00f1os nos elijan las principales empresas de la Argentina.With an industrial plant in the Nueve de Julio, Buenos Aires, July 9 INDUSTRIES SA It is one of the leading companies in Argentina, with making the most complete line of Transportable Room Units for Oil, Mining, construction industries and for agricultural use.","breadcrumb":{"@id":"https:\/\/www.industrias9dejulio.com.ar\/la-empresa\/#breadcrumb"},"inLanguage":"en-US","potentialAction":[{"@type":"ReadAction","target":["https:\/\/www.industrias9dejulio.com.ar\/la-empresa\/"]}]},{"@type":"ImageObject","inLanguage":"en-US","@id":"https:\/\/www.industrias9dejulio.com.ar\/la-empresa\/#primaryimage","url":"https:\/\/www.industrias9dejulio.com.ar\/wp-content\/uploads\/2015\/11\/institucional-home.jpg","contentUrl":"https:\/\/www.industrias9dejulio.com.ar\/wp-content\/uploads\/2015\/11\/institucional-home.jpg","width":377,"height":288},{"@type":"BreadcrumbList","@id":"https:\/\/www.industrias9dejulio.com.ar\/la-empresa\/#breadcrumb","itemListElement":[{"@type":"ListItem","position":1,"name":"Portada","item":"https:\/\/www.industrias9dejulio.com.ar\/"},{"@type":"ListItem","position":2,"name":"La empresa"}]},{"@type":"WebSite","@id":"https:\/\/www.industrias9dejulio.com.ar\/#website","url":"https:\/\/www.industrias9dejulio.com.ar\/","name":"Industrias 9 de Julio","description":"Otro sitio realizado con WordPress","publisher":{"@id":"https:\/\/www.industrias9dejulio.com.ar\/#organization"},"potentialAction":[{"@type":"SearchAction","target":{"@type":"EntryPoint","urlTemplate":"https:\/\/www.industrias9dejulio.com.ar\/?s={search_term_string}"},"query-input":{"@type":"PropertyValueSpecification","valueRequired":true,"valueName":"search_term_string"}}],"inLanguage":"en-US"},{"@type":"Organization","@id":"https:\/\/www.industrias9dejulio.com.ar\/#organization","name":"Industrias 9 de Julio","url":"https:\/\/www.industrias9dejulio.com.ar\/","logo":{"@type":"ImageObject","inLanguage":"en-US","@id":"https:\/\/www.industrias9dejulio.com.ar\/#\/schema\/logo\/image\/","url":"https:\/\/www.industrias9dejulio.com.ar\/wp-content\/uploads\/2016\/01\/industrias-9-de-julio.png","contentUrl":"https:\/\/www.industrias9dejulio.com.ar\/wp-content\/uploads\/2016\/01\/industrias-9-de-julio.png","width":238,"height":57,"caption":"Industrias 9 de Julio"},"image":{"@id":"https:\/\/www.industrias9dejulio.com.ar\/#\/schema\/logo\/image\/"},"sameAs":["https:\/\/www.facebook.com\/Industrias-9-de-Julio-SA-244883452327387\/","https:\/\/www.youtube.com\/channel\/UC8XKwRju447msdGOmoYWNQg"]}]}},"_links":{"self":[{"href":"https:\/\/www.industrias9dejulio.com.ar\/en\/wp-json\/wp\/v2\/pages\/14","targetHints":{"allow":["GET"]}}],"collection":[{"href":"https:\/\/www.industrias9dejulio.com.ar\/en\/wp-json\/wp\/v2\/pages"}],"about":[{"href":"https:\/\/www.industrias9dejulio.com.ar\/en\/wp-json\/wp\/v2\/types\/page"}],"author":[{"embeddable":true,"href":"https:\/\/www.industrias9dejulio.com.ar\/en\/wp-json\/wp\/v2\/users\/1"}],"replies":[{"embeddable":true,"href":"https:\/\/www.industrias9dejulio.com.ar\/en\/wp-json\/wp\/v2\/comments?post=14"}],"version-history":[{"count":70,"href":"https:\/\/www.industrias9dejulio.com.ar\/en\/wp-json\/wp\/v2\/pages\/14\/revisions"}],"predecessor-version":[{"id":2258,"href":"https:\/\/www.industrias9dejulio.com.ar\/en\/wp-json\/wp\/v2\/pages\/14\/revisions\/2258"}],"wp:featuredmedia":[{"embeddable":true,"href":"https:\/\/www.industrias9dejulio.com.ar\/en\/wp-json\/wp\/v2\/media\/76"}],"wp:attachment":[{"href":"https:\/\/www.industrias9dejulio.com.ar\/en\/wp-json\/wp\/v2\/media?parent=14"}],"curies":[{"name":"wp","href":"https:\/\/api.w.org\/{rel}","templated":true}]}}